{"id":2591,"date":"2025-08-07T12:08:15","date_gmt":"2025-08-07T12:08:15","guid":{"rendered":"http:\/\/wbcirculareconomy.com\/?page_id=2591"},"modified":"2025-09-29T11:05:06","modified_gmt":"2025-09-29T11:05:06","slug":"other-activities","status":"publish","type":"page","link":"https:\/\/wbcirculareconomy.com\/bs\/other-activities\/","title":{"rendered":"Druge aktivnosti"},"content":{"rendered":"<p><div class=\"fusion-fullwidth fullwidth-box fusion-builder-row-1 fusion-flex-container has-pattern-background has-mask-background nonhundred-percent-fullwidth non-hundred-percent-height-scrolling\" style=\"--awb-border-radius-top-left:0px;--awb-border-radius-top-right:0px;--awb-border-radius-bottom-right:0px;--awb-border-radius-bottom-left:0px;--awb-padding-top:40px;--awb-padding-bottom:40px;--awb-flex-wrap:wrap;\" ><div class=\"fusion-builder-row fusion-row fusion-flex-align-items-flex-start fusion-flex-content-wrap\" style=\"max-width:1248px;margin-left: calc(-4% \/ 2 );margin-right: calc(-4% \/ 2 );\"><div class=\"fusion-layout-column fusion_builder_column fusion-builder-column-0 fusion_builder_column_1_2 1_2 fusion-flex-column\" style=\"--awb-bg-size:cover;--awb-width-large:50%;--awb-margin-top-large:0px;--awb-spacing-right-large:3.84%;--awb-margin-bottom-large:20px;--awb-spacing-left-large:3.84%;--awb-width-medium:50%;--awb-order-medium:0;--awb-spacing-right-medium:3.84%;--awb-spacing-left-medium:3.84%;--awb-width-small:100%;--awb-order-small:0;--awb-spacing-right-small:1.92%;--awb-spacing-left-small:1.92%;\"><div class=\"fusion-column-wrapper fusion-column-has-shadow fusion-flex-justify-content-flex-start fusion-content-layout-column\"><div class=\"fusion-image-element\" style=\"--awb-caption-title-font-family:var(--h2_typography-font-family);--awb-caption-title-font-weight:var(--h2_typography-font-weight);--awb-caption-title-font-style:var(--h2_typography-font-style);--awb-caption-title-size:var(--h2_typography-font-size);--awb-caption-title-transform:var(--h2_typography-text-transform);--awb-caption-title-line-height:var(--h2_typography-line-height);--awb-caption-title-letter-spacing:var(--h2_typography-letter-spacing);\"><span class=\"fusion-imageframe imageframe-none imageframe-1 hover-type-none\"><img decoding=\"async\" width=\"2560\" height=\"1707\" title=\"KATALIZATOR\" src=\"https:\/\/wbcirculareconomy.com\/wp-content\/uploads\/2025\/08\/Catalyst-234-scaled.jpg\" data-orig-src=\"http:\/\/wbcirculareconomy.com\/wp-content\/uploads\/2025\/08\/Catalyst-234-scaled.jpg\" alt class=\"lazyload img-responsive wp-image-2593\" srcset=\"data:image\/svg+xml,%3Csvg%20xmlns%3D%27http%3A%2F%2Fwww.w3.org%2F2000%2Fsvg%27%20width%3D%272560%27%20height%3D%271707%27%20viewBox%3D%270%200%202560%201707%27%3E%3Crect%20width%3D%272560%27%20height%3D%271707%27%20fill-opacity%3D%220%22%2F%3E%3C%2Fsvg%3E\" data-srcset=\"https:\/\/wbcirculareconomy.com\/wp-content\/uploads\/2025\/08\/Catalyst-234-200x133.jpg 200w, https:\/\/wbcirculareconomy.com\/wp-content\/uploads\/2025\/08\/Catalyst-234-400x267.jpg 400w, https:\/\/wbcirculareconomy.com\/wp-content\/uploads\/2025\/08\/Catalyst-234-600x400.jpg 600w, https:\/\/wbcirculareconomy.com\/wp-content\/uploads\/2025\/08\/Catalyst-234-800x533.jpg 800w, https:\/\/wbcirculareconomy.com\/wp-content\/uploads\/2025\/08\/Catalyst-234-1200x800.jpg 1200w, https:\/\/wbcirculareconomy.com\/wp-content\/uploads\/2025\/08\/Catalyst-234-scaled.jpg 2560w\" data-sizes=\"auto\" data-orig-sizes=\"(max-width: 700px) 100vw, 600px\" \/><\/span><\/div><\/div><\/div><div class=\"fusion-layout-column fusion_builder_column fusion-builder-column-1 fusion_builder_column_1_2 1_2 fusion-flex-column fusion-flex-align-self-center\" style=\"--awb-bg-size:cover;--awb-width-large:50%;--awb-margin-top-large:0px;--awb-spacing-right-large:3.84%;--awb-margin-bottom-large:20px;--awb-spacing-left-large:3.84%;--awb-width-medium:50%;--awb-order-medium:0;--awb-spacing-right-medium:3.84%;--awb-spacing-left-medium:3.84%;--awb-width-small:100%;--awb-order-small:0;--awb-spacing-right-small:1.92%;--awb-spacing-left-small:1.92%;\"><div class=\"fusion-column-wrapper fusion-column-has-shadow fusion-flex-justify-content-flex-start fusion-content-layout-column\"><div class=\"fusion-title title fusion-title-1 fusion-sep-none fusion-title-text fusion-title-size-four\"><h4 class=\"fusion-title-heading title-heading-right\" style=\"margin:0;\">\u0160irenje informacija i podizanje svijesti<\/h4><\/div><div class=\"fusion-text fusion-text-1\"><p style=\"text-align: right;\"><span class=\"OYPEnA font-feature-liga-off font-feature-clig-off font-feature-calt-off text-decoration-none text-strikethrough-none\" style=\"font-size: 19px;\" data-fusion-font=\"true\">WBCEH ima za cilj osna\u017eiti svoje \u010dlanove pru\u017eanjem a\u017eurnih informacija o temama, praksama i de\u0161avanjima u oblasti cirkularne ekonomije iz regije, nastoje\u0107i biti jedinstveno mjesto gdje se razli\u010dite zainteresovane strane mogu redovno informirati o takvim temama. To \u0107e se \u010diniti u obliku objava, \u010dlanaka i vijesti na WBCEH platformi i njenim kanalima dru\u0161tvenih medija.<\/span><\/p>\n<\/div><\/div><\/div><\/div><\/div><div class=\"fusion-fullwidth fullwidth-box fusion-builder-row-2 fusion-flex-container has-pattern-background has-mask-background nonhundred-percent-fullwidth non-hundred-percent-height-scrolling\" style=\"--awb-border-radius-top-left:0px;--awb-border-radius-top-right:0px;--awb-border-radius-bottom-right:0px;--awb-border-radius-bottom-left:0px;--awb-padding-top:40px;--awb-padding-bottom:40px;--awb-background-color:var(--awb-custom_color_4);--awb-flex-wrap:wrap;\" ><div class=\"fusion-builder-row fusion-row fusion-flex-align-items-flex-start fusion-flex-content-wrap\" style=\"max-width:1248px;margin-left: calc(-4% \/ 2 );margin-right: calc(-4% \/ 2 );\"><div class=\"fusion-layout-column fusion_builder_column fusion-builder-column-2 fusion_builder_column_1_2 1_2 fusion-flex-column fusion-flex-align-self-center\" style=\"--awb-bg-size:cover;--awb-width-large:50%;--awb-margin-top-large:0px;--awb-spacing-right-large:3.84%;--awb-margin-bottom-large:20px;--awb-spacing-left-large:3.84%;--awb-width-medium:50%;--awb-order-medium:0;--awb-spacing-right-medium:3.84%;--awb-spacing-left-medium:3.84%;--awb-width-small:100%;--awb-order-small:0;--awb-spacing-right-small:1.92%;--awb-spacing-left-small:1.92%;\"><div class=\"fusion-column-wrapper fusion-column-has-shadow fusion-flex-justify-content-flex-start fusion-content-layout-column\"><div class=\"fusion-title title fusion-title-2 fusion-sep-none fusion-title-text fusion-title-size-four\" style=\"--awb-text-color:#ffffff;\"><h4 class=\"fusion-title-heading title-heading-left\" style=\"margin:0;\">Program mentorstva<\/h4><\/div><div class=\"fusion-text fusion-text-2\" style=\"--awb-text-color:#ffffff;\"><p style=\"font-size: 19px;\" data-fusion-font=\"true\">WBCEH \u0107e povezati preduze\u0107a sa iskusnim mentorima koji mogu voditi kroz implementaciju strategija cirkularne ekonomije. Ovo mentorstvo \u0107e unaprijediti kapacitet organizacija da se efikasno prilagode cirkularnim praksama. Program mentorstva bi trebao po\u010deti u jesen 2025. godine, kada \u0107e biti pru\u017eeno vi\u0161e informacija o njegovom trajanju, kriterijima za u\u010de\u0161\u0107e i drugim detaljima.<\/p>\n<\/div><\/div><\/div><div class=\"fusion-layout-column fusion_builder_column fusion-builder-column-3 fusion_builder_column_1_2 1_2 fusion-flex-column\" style=\"--awb-bg-size:cover;--awb-width-large:50%;--awb-margin-top-large:0px;--awb-spacing-right-large:3.84%;--awb-margin-bottom-large:20px;--awb-spacing-left-large:3.84%;--awb-width-medium:50%;--awb-order-medium:0;--awb-spacing-right-medium:3.84%;--awb-spacing-left-medium:3.84%;--awb-width-small:100%;--awb-order-small:0;--awb-spacing-right-small:1.92%;--awb-spacing-left-small:1.92%;\"><div class=\"fusion-column-wrapper fusion-column-has-shadow fusion-flex-justify-content-flex-start fusion-content-layout-column\"><div class=\"fusion-image-element\" style=\"--awb-caption-title-font-family:var(--h2_typography-font-family);--awb-caption-title-font-weight:var(--h2_typography-font-weight);--awb-caption-title-font-style:var(--h2_typography-font-style);--awb-caption-title-size:var(--h2_typography-font-size);--awb-caption-title-transform:var(--h2_typography-text-transform);--awb-caption-title-line-height:var(--h2_typography-line-height);--awb-caption-title-letter-spacing:var(--h2_typography-letter-spacing);\"><span class=\"fusion-imageframe imageframe-none imageframe-2 hover-type-none\"><img decoding=\"async\" width=\"2560\" height=\"1720\" title=\"KATALIZATOR\" src=\"https:\/\/wbcirculareconomy.com\/wp-content\/uploads\/2025\/08\/Catalyst-223-scaled.jpg\" data-orig-src=\"http:\/\/wbcirculareconomy.com\/wp-content\/uploads\/2025\/08\/Catalyst-223-scaled.jpg\" alt class=\"lazyload img-responsive wp-image-2594\" srcset=\"data:image\/svg+xml,%3Csvg%20xmlns%3D%27http%3A%2F%2Fwww.w3.org%2F2000%2Fsvg%27%20width%3D%272560%27%20height%3D%271720%27%20viewBox%3D%270%200%202560%201720%27%3E%3Crect%20width%3D%272560%27%20height%3D%271720%27%20fill-opacity%3D%220%22%2F%3E%3C%2Fsvg%3E\" data-srcset=\"https:\/\/wbcirculareconomy.com\/wp-content\/uploads\/2025\/08\/Catalyst-223-200x134.jpg 200w, https:\/\/wbcirculareconomy.com\/wp-content\/uploads\/2025\/08\/Catalyst-223-400x269.jpg 400w, https:\/\/wbcirculareconomy.com\/wp-content\/uploads\/2025\/08\/Catalyst-223-600x403.jpg 600w, https:\/\/wbcirculareconomy.com\/wp-content\/uploads\/2025\/08\/Catalyst-223-800x537.jpg 800w, https:\/\/wbcirculareconomy.com\/wp-content\/uploads\/2025\/08\/Catalyst-223-1200x806.jpg 1200w, https:\/\/wbcirculareconomy.com\/wp-content\/uploads\/2025\/08\/Catalyst-223-scaled.jpg 2560w\" data-sizes=\"auto\" data-orig-sizes=\"(max-width: 700px) 100vw, 600px\" \/><\/span><\/div><\/div><\/div><\/div><\/div><div class=\"fusion-fullwidth fullwidth-box fusion-builder-row-3 fusion-flex-container has-pattern-background has-mask-background nonhundred-percent-fullwidth non-hundred-percent-height-scrolling\" style=\"--awb-border-radius-top-left:0px;--awb-border-radius-top-right:0px;--awb-border-radius-bottom-right:0px;--awb-border-radius-bottom-left:0px;--awb-padding-top:40px;--awb-padding-bottom:40px;--awb-flex-wrap:wrap;\" ><div class=\"fusion-builder-row fusion-row fusion-flex-align-items-flex-start fusion-flex-content-wrap\" style=\"max-width:1248px;margin-left: calc(-4% \/ 2 );margin-right: calc(-4% \/ 2 );\"><div class=\"fusion-layout-column fusion_builder_column fusion-builder-column-4 fusion_builder_column_1_2 1_2 fusion-flex-column fusion-flex-align-self-center\" style=\"--awb-bg-size:cover;--awb-width-large:50%;--awb-margin-top-large:0px;--awb-spacing-right-large:3.84%;--awb-margin-bottom-large:20px;--awb-spacing-left-large:3.84%;--awb-width-medium:50%;--awb-order-medium:0;--awb-spacing-right-medium:3.84%;--awb-spacing-left-medium:3.84%;--awb-width-small:100%;--awb-order-small:0;--awb-spacing-right-small:1.92%;--awb-spacing-left-small:1.92%;\"><div class=\"fusion-column-wrapper fusion-column-has-shadow fusion-flex-justify-content-flex-start fusion-content-layout-column\"><div class=\"fusion-image-element\" style=\"--awb-caption-title-font-family:var(--h2_typography-font-family);--awb-caption-title-font-weight:var(--h2_typography-font-weight);--awb-caption-title-font-style:var(--h2_typography-font-style);--awb-caption-title-size:var(--h2_typography-font-size);--awb-caption-title-transform:var(--h2_typography-text-transform);--awb-caption-title-line-height:var(--h2_typography-line-height);--awb-caption-title-letter-spacing:var(--h2_typography-letter-spacing);\"><span class=\"fusion-imageframe imageframe-none imageframe-3 hover-type-none\"><img decoding=\"async\" width=\"2048\" height=\"1365\" title=\"Katalizator\" src=\"https:\/\/wbcirculareconomy.com\/wp-content\/uploads\/2025\/08\/486412341_1185860086661765_5368508522203647497_n.jpg\" data-orig-src=\"http:\/\/wbcirculareconomy.com\/wp-content\/uploads\/2025\/08\/486412341_1185860086661765_5368508522203647497_n.jpg\" alt class=\"lazyload img-responsive wp-image-2595\" srcset=\"data:image\/svg+xml,%3Csvg%20xmlns%3D%27http%3A%2F%2Fwww.w3.org%2F2000%2Fsvg%27%20width%3D%272048%27%20height%3D%271365%27%20viewBox%3D%270%200%202048%201365%27%3E%3Crect%20width%3D%272048%27%20height%3D%271365%27%20fill-opacity%3D%220%22%2F%3E%3C%2Fsvg%3E\" data-srcset=\"https:\/\/wbcirculareconomy.com\/wp-content\/uploads\/2025\/08\/486412341_1185860086661765_5368508522203647497_n-200x133.jpg 200w, https:\/\/wbcirculareconomy.com\/wp-content\/uploads\/2025\/08\/486412341_1185860086661765_5368508522203647497_n-400x267.jpg 400w, https:\/\/wbcirculareconomy.com\/wp-content\/uploads\/2025\/08\/486412341_1185860086661765_5368508522203647497_n-600x400.jpg 600w, https:\/\/wbcirculareconomy.com\/wp-content\/uploads\/2025\/08\/486412341_1185860086661765_5368508522203647497_n-800x533.jpg 800w, https:\/\/wbcirculareconomy.com\/wp-content\/uploads\/2025\/08\/486412341_1185860086661765_5368508522203647497_n-1200x800.jpg 1200w, https:\/\/wbcirculareconomy.com\/wp-content\/uploads\/2025\/08\/486412341_1185860086661765_5368508522203647497_n.jpg 2048w\" data-sizes=\"auto\" data-orig-sizes=\"(max-width: 700px) 100vw, 600px\" \/><\/span><\/div><\/div><\/div><div class=\"fusion-layout-column fusion_builder_column fusion-builder-column-5 fusion_builder_column_1_2 1_2 fusion-flex-column fusion-flex-align-self-center\" style=\"--awb-bg-size:cover;--awb-width-large:50%;--awb-margin-top-large:0px;--awb-spacing-right-large:3.84%;--awb-margin-bottom-large:20px;--awb-spacing-left-large:3.84%;--awb-width-medium:50%;--awb-order-medium:0;--awb-spacing-right-medium:3.84%;--awb-spacing-left-medium:3.84%;--awb-width-small:100%;--awb-order-small:0;--awb-spacing-right-small:1.92%;--awb-spacing-left-small:1.92%;\"><div class=\"fusion-column-wrapper fusion-column-has-shadow fusion-flex-justify-content-flex-start fusion-content-layout-column\"><div class=\"fusion-title title fusion-title-3 fusion-sep-none fusion-title-text fusion-title-size-four\"><h4 class=\"fusion-title-heading title-heading-right\" style=\"margin:0;\">Zagovaranje i preporuke za politike<\/h4><\/div><div class=\"fusion-text fusion-text-3\"><p style=\"text-align: right; font-size: 19px;\" data-fusion-font=\"true\">WBCE Hub \u0107e pru\u017eati podr\u0161ku za zagovaranje i kreiranje politika mapiranjem postoje\u0107ih politika kru\u017ene ekonomije u regiji i identificiranjem klju\u010dnih nedostataka i prilika. U kratkoro\u010dnom periodu, objavljivat \u0107e sa\u017eetke politika, provoditi regionalne analize i olak\u0161avati konsultacije sa zainteresiranim stranama.<\/p>\n<p style=\"text-align: right; font-size: 19px;\" data-fusion-font=\"true\">Vremenom, Centar ima za cilj da zajedni\u010dki kreira pilot projekte politika, podr\u017eava op\u0107ine u testiranju kru\u017enih inicijativa, poma\u017ee industrijskim akterima u izradi dokumenata o stavu i zagovara reforme uskla\u0111ene sa CE politikom. Njegov dugoro\u010dni cilj je da postane pouzdan glas u oblikovanju strategija i zakonodavstva kru\u017ene ekonomije \u0161irom Zapadnog Balkana.<\/p>\n<\/div><\/div><\/div><\/div><\/div><div class=\"fusion-fullwidth fullwidth-box fusion-builder-row-4 fusion-flex-container has-pattern-background has-mask-background nonhundred-percent-fullwidth non-hundred-percent-height-scrolling\" style=\"--awb-border-radius-top-left:0px;--awb-border-radius-top-right:0px;--awb-border-radius-bottom-right:0px;--awb-border-radius-bottom-left:0px;--awb-padding-top:40px;--awb-padding-bottom:40px;--awb-background-color:var(--awb-custom_color_1);--awb-flex-wrap:wrap;\" ><div class=\"fusion-builder-row fusion-row fusion-flex-align-items-flex-start fusion-flex-content-wrap\" style=\"max-width:1248px;margin-left: calc(-4% \/ 2 );margin-right: calc(-4% \/ 2 );\"><div class=\"fusion-layout-column fusion_builder_column fusion-builder-column-6 fusion_builder_column_1_2 1_2 fusion-flex-column fusion-flex-align-self-center\" style=\"--awb-bg-size:cover;--awb-width-large:50%;--awb-margin-top-large:0px;--awb-spacing-right-large:3.84%;--awb-margin-bottom-large:20px;--awb-spacing-left-large:3.84%;--awb-width-medium:50%;--awb-order-medium:0;--awb-spacing-right-medium:3.84%;--awb-spacing-left-medium:3.84%;--awb-width-small:100%;--awb-order-small:0;--awb-spacing-right-small:1.92%;--awb-spacing-left-small:1.92%;\"><div class=\"fusion-column-wrapper fusion-column-has-shadow fusion-flex-justify-content-flex-start fusion-content-layout-column\"><div class=\"fusion-title title fusion-title-4 fusion-sep-none fusion-title-text fusion-title-size-four\" style=\"--awb-text-color:#ffffff;\"><h4 class=\"fusion-title-heading title-heading-left\" style=\"margin:0;\">Pristup finansiranju<\/h4><\/div><div class=\"fusion-text fusion-text-4\" style=\"--awb-text-color:#ffffff;\"><p style=\"font-size: 19px;\" data-fusion-font=\"true\">Jedna posebna kategorija informacija koju \u0107e WBCEH \u0161iriti su mogu\u0107nosti finansiranja za implementaciju i razvoj cirkularnih praksi u postoje\u0107im kompanijama, te pozivi za finansiranje novih cirkularnih kompanija.<\/p>\n<p style=\"font-size: 19px;\" data-fusion-font=\"true\">Osim toga, WBCEH \u0107e raditi na pro\u0161irenju svoje mre\u017ee kontakata s relevantnim akterima u toj oblasti koji su ve\u0107 razvili programe i obezbijediti finansiranje kako bi ove mogu\u0107nosti pribli\u017eio \u0161iroj publici.<\/p>\n<\/div><\/div><\/div><div class=\"fusion-layout-column fusion_builder_column fusion-builder-column-7 fusion_builder_column_1_2 1_2 fusion-flex-column\" style=\"--awb-bg-size:cover;--awb-width-large:50%;--awb-margin-top-large:0px;--awb-spacing-right-large:3.84%;--awb-margin-bottom-large:20px;--awb-spacing-left-large:3.84%;--awb-width-medium:50%;--awb-order-medium:0;--awb-spacing-right-medium:3.84%;--awb-spacing-left-medium:3.84%;--awb-width-small:100%;--awb-order-small:0;--awb-spacing-right-small:1.92%;--awb-spacing-left-small:1.92%;\"><div class=\"fusion-column-wrapper fusion-column-has-shadow fusion-flex-justify-content-flex-start fusion-content-layout-column\"><div class=\"fusion-image-element\" style=\"--awb-caption-title-font-family:var(--h2_typography-font-family);--awb-caption-title-font-weight:var(--h2_typography-font-weight);--awb-caption-title-font-style:var(--h2_typography-font-style);--awb-caption-title-size:var(--h2_typography-font-size);--awb-caption-title-transform:var(--h2_typography-text-transform);--awb-caption-title-line-height:var(--h2_typography-line-height);--awb-caption-title-letter-spacing:var(--h2_typography-letter-spacing);\"><span class=\"fusion-imageframe imageframe-none imageframe-4 hover-type-none\"><img decoding=\"async\" width=\"2560\" height=\"1706\" title=\"micheile-henderson-lZ_4nPFKcV8-unsplash\" src=\"https:\/\/wbcirculareconomy.com\/wp-content\/uploads\/2025\/08\/micheile-henderson-lZ_4nPFKcV8-unsplash-scaled.jpg\" data-orig-src=\"http:\/\/wbcirculareconomy.com\/wp-content\/uploads\/2025\/08\/micheile-henderson-lZ_4nPFKcV8-unsplash-scaled.jpg\" alt class=\"lazyload img-responsive wp-image-2596\" srcset=\"data:image\/svg+xml,%3Csvg%20xmlns%3D%27http%3A%2F%2Fwww.w3.org%2F2000%2Fsvg%27%20width%3D%272560%27%20height%3D%271706%27%20viewBox%3D%270%200%202560%201706%27%3E%3Crect%20width%3D%272560%27%20height%3D%271706%27%20fill-opacity%3D%220%22%2F%3E%3C%2Fsvg%3E\" data-srcset=\"https:\/\/wbcirculareconomy.com\/wp-content\/uploads\/2025\/08\/micheile-henderson-lZ_4nPFKcV8-unsplash-200x133.jpg 200w, https:\/\/wbcirculareconomy.com\/wp-content\/uploads\/2025\/08\/micheile-henderson-lZ_4nPFKcV8-unsplash-400x267.jpg 400w, https:\/\/wbcirculareconomy.com\/wp-content\/uploads\/2025\/08\/micheile-henderson-lZ_4nPFKcV8-unsplash-600x400.jpg 600w, https:\/\/wbcirculareconomy.com\/wp-content\/uploads\/2025\/08\/micheile-henderson-lZ_4nPFKcV8-unsplash-800x533.jpg 800w, https:\/\/wbcirculareconomy.com\/wp-content\/uploads\/2025\/08\/micheile-henderson-lZ_4nPFKcV8-unsplash-1200x800.jpg 1200w, https:\/\/wbcirculareconomy.com\/wp-content\/uploads\/2025\/08\/micheile-henderson-lZ_4nPFKcV8-unsplash-scaled.jpg 2560w\" data-sizes=\"auto\" data-orig-sizes=\"(max-width: 700px) 100vw, 600px\" \/><\/span><\/div><\/div><\/div><\/div><\/div><\/p>","protected":false},"excerpt":{"rendered":"","protected":false},"author":1,"featured_media":0,"parent":0,"menu_order":0,"comment_status":"closed","ping_status":"closed","template":"100-width.php","meta":{"_acf_changed":false,"_monsterinsights_skip_tracking":false,"_monsterinsights_sitenote_active":false,"_monsterinsights_sitenote_note":"","_monsterinsights_sitenote_category":0,"footnotes":""},"class_list":["post-2591","page","type-page","status-publish","hentry"],"acf":[],"_links":{"self":[{"href":"https:\/\/wbcirculareconomy.com\/bs\/wp-json\/wp\/v2\/pages\/2591","targetHints":{"allow":["GET"]}}],"collection":[{"href":"https:\/\/wbcirculareconomy.com\/bs\/wp-json\/wp\/v2\/pages"}],"about":[{"href":"https:\/\/wbcirculareconomy.com\/bs\/wp-json\/wp\/v2\/types\/page"}],"author":[{"embeddable":true,"href":"https:\/\/wbcirculareconomy.com\/bs\/wp-json\/wp\/v2\/users\/1"}],"replies":[{"embeddable":true,"href":"https:\/\/wbcirculareconomy.com\/bs\/wp-json\/wp\/v2\/comments?post=2591"}],"version-history":[{"count":7,"href":"https:\/\/wbcirculareconomy.com\/bs\/wp-json\/wp\/v2\/pages\/2591\/revisions"}],"predecessor-version":[{"id":3112,"href":"https:\/\/wbcirculareconomy.com\/bs\/wp-json\/wp\/v2\/pages\/2591\/revisions\/3112"}],"wp:attachment":[{"href":"https:\/\/wbcirculareconomy.com\/bs\/wp-json\/wp\/v2\/media?parent=2591"}],"curies":[{"name":"wp","href":"https:\/\/api.w.org\/{rel}","templated":true}]}}